{"id":10174,"date":"2020-08-17T10:58:09","date_gmt":"2020-08-17T09:58:09","guid":{"rendered":"https:\/\/sencila-medle.si\/?page_id=10174"},"modified":"2020-08-17T11:01:36","modified_gmt":"2020-08-17T10:01:36","slug":"rechtsmitteilung","status":"publish","type":"page","link":"https:\/\/develop.sencila-medle.si\/de\/rechtsmitteilung\/","title":{"rendered":"Rechtsmitteilung"},"content":{"rendered":"\t\t<div data-elementor-type=\"wp-page\" data-elementor-id=\"10174\" class=\"elementor elementor-10174 elementor-5799\">\n\t\t\t\t\t\t<div class=\"elementor-inner\">\n\t\t\t\t<div class=\"elementor-section-wrap\">\n\t\t\t\t\t\t\t\t\t<section class=\"elementor-section elementor-top-section elementor-element elementor-element-0f3ef6b elementor-section-full_width elementor-section-height-default elementor-section-height-default\" data-id=\"0f3ef6b\" data-element_type=\"section\" data-settings=\"{&quot;jet_parallax_layout_list&quot;:[{&quot;jet_parallax_layout_image&quot;:{&quot;url&quot;:&quot;&quot;,&quot;id&quot;:&quot;&quot;,&quot;size&quot;:&quot;&quot;},&quot;_id&quot;:&quot;1e757bf&quot;,&quot;jet_parallax_layout_image_tablet&quot;:{&quot;url&quot;:&quot;&quot;,&quot;id&quot;:&quot;&quot;,&quot;size&quot;:&quot;&quot;},&quot;jet_parallax_layout_image_mobile&quot;:{&quot;url&quot;:&quot;&quot;,&quot;id&quot;:&quot;&quot;,&quot;size&quot;:&quot;&quot;},&quot;jet_parallax_layout_speed&quot;:{&quot;unit&quot;:&quot;%&quot;,&quot;size&quot;:50,&quot;sizes&quot;:[]},&quot;jet_parallax_layout_type&quot;:&quot;scroll&quot;,&quot;jet_parallax_layout_direction&quot;:null,&quot;jet_parallax_layout_fx_direction&quot;:null,&quot;jet_parallax_layout_z_index&quot;:&quot;&quot;,&quot;jet_parallax_layout_bg_x&quot;:50,&quot;jet_parallax_layout_bg_y&quot;:50,&quot;jet_parallax_layout_bg_size&quot;:&quot;auto&quot;,&quot;jet_parallax_layout_animation_prop&quot;:&quot;transform&quot;,&quot;jet_parallax_layout_on&quot;:[&quot;desktop&quot;,&quot;tablet&quot;],&quot;jet_parallax_layout_bg_x_tablet&quot;:&quot;&quot;,&quot;jet_parallax_layout_bg_x_mobile&quot;:&quot;&quot;,&quot;jet_parallax_layout_bg_y_tablet&quot;:&quot;&quot;,&quot;jet_parallax_layout_bg_y_mobile&quot;:&quot;&quot;,&quot;jet_parallax_layout_bg_size_tablet&quot;:&quot;&quot;,&quot;jet_parallax_layout_bg_size_mobile&quot;:&quot;&quot;}]}\">\n\t\t\t\t\t\t<div class=\"elementor-container elementor-column-gap-default\">\n\t\t\t\t\t\t\t<div class=\"elementor-row\">\n\t\t\t\t\t<div class=\"elementor-column elementor-col-100 elementor-top-column elementor-element elementor-element-88e206c\" data-id=\"88e206c\" data-element_type=\"column\">\n\t\t\t<div class=\"elementor-column-wrap elementor-element-populated\">\n\t\t\t\t\t\t\t<div class=\"elementor-widget-wrap\">\n\t\t\t\t\t\t<div class=\"elementor-element elementor-element-6f0b013 elementor-widget elementor-widget-image\" data-id=\"6f0b013\" data-element_type=\"widget\" data-widget_type=\"image.default\">\n\t\t\t\t<div class=\"elementor-widget-container\">\n\t\t\t\t\t\t\t\t<div class=\"elementor-image\">\n\t\t\t\t\t\t\t\t\t\t\t\t<img loading=\"lazy\" decoding=\"async\" width=\"1920\" height=\"529\" src=\"https:\/\/develop.sencila-medle.si\/wp-content\/uploads\/2019\/12\/Sencila-Medle-o-nas-2.jpg\" class=\"attachment-full size-full wp-image-4213\" alt=\"\" srcset=\"https:\/\/develop.sencila-medle.si\/wp-content\/uploads\/2019\/12\/Sencila-Medle-o-nas-2.jpg 1920w, https:\/\/develop.sencila-medle.si\/wp-content\/uploads\/2019\/12\/Sencila-Medle-o-nas-2-300x83.jpg 300w, https:\/\/develop.sencila-medle.si\/wp-content\/uploads\/2019\/12\/Sencila-Medle-o-nas-2-1024x282.jpg 1024w, https:\/\/develop.sencila-medle.si\/wp-content\/uploads\/2019\/12\/Sencila-Medle-o-nas-2-768x212.jpg 768w, https:\/\/develop.sencila-medle.si\/wp-content\/uploads\/2019\/12\/Sencila-Medle-o-nas-2-1536x423.jpg 1536w\" sizes=\"(max-width: 1920px) 100vw, 1920px\" \/>\t\t\t\t\t\t\t\t\t\t\t\t\t\t<\/div>\n\t\t\t\t\t\t<\/div>\n\t\t\t\t<\/div>\n\t\t\t\t\t\t<\/div>\n\t\t\t\t\t<\/div>\n\t\t<\/div>\n\t\t\t\t\t\t\t\t<\/div>\n\t\t\t\t\t<\/div>\n\t\t<\/section>\n\t\t\t\t<section class=\"elementor-section elementor-top-section elementor-element elementor-element-eaf90cc elementor-section-full_width elementor-section-height-default elementor-section-height-default\" data-id=\"eaf90cc\" data-element_type=\"section\" data-settings=\"{&quot;jet_parallax_layout_list&quot;:[{&quot;jet_parallax_layout_image&quot;:{&quot;url&quot;:&quot;&quot;,&quot;id&quot;:&quot;&quot;,&quot;size&quot;:&quot;&quot;},&quot;_id&quot;:&quot;5558490&quot;,&quot;jet_parallax_layout_image_tablet&quot;:{&quot;url&quot;:&quot;&quot;,&quot;id&quot;:&quot;&quot;,&quot;size&quot;:&quot;&quot;},&quot;jet_parallax_layout_image_mobile&quot;:{&quot;url&quot;:&quot;&quot;,&quot;id&quot;:&quot;&quot;,&quot;size&quot;:&quot;&quot;},&quot;jet_parallax_layout_speed&quot;:{&quot;unit&quot;:&quot;%&quot;,&quot;size&quot;:50,&quot;sizes&quot;:[]},&quot;jet_parallax_layout_type&quot;:&quot;scroll&quot;,&quot;jet_parallax_layout_direction&quot;:null,&quot;jet_parallax_layout_fx_direction&quot;:null,&quot;jet_parallax_layout_z_index&quot;:&quot;&quot;,&quot;jet_parallax_layout_bg_x&quot;:50,&quot;jet_parallax_layout_bg_y&quot;:50,&quot;jet_parallax_layout_bg_size&quot;:&quot;auto&quot;,&quot;jet_parallax_layout_animation_prop&quot;:&quot;transform&quot;,&quot;jet_parallax_layout_on&quot;:[&quot;desktop&quot;,&quot;tablet&quot;],&quot;jet_parallax_layout_bg_x_tablet&quot;:&quot;&quot;,&quot;jet_parallax_layout_bg_x_mobile&quot;:&quot;&quot;,&quot;jet_parallax_layout_bg_y_tablet&quot;:&quot;&quot;,&quot;jet_parallax_layout_bg_y_mobile&quot;:&quot;&quot;,&quot;jet_parallax_layout_bg_size_tablet&quot;:&quot;&quot;,&quot;jet_parallax_layout_bg_size_mobile&quot;:&quot;&quot;}]}\">\n\t\t\t\t\t\t<div class=\"elementor-container elementor-column-gap-default\">\n\t\t\t\t\t\t\t<div class=\"elementor-row\">\n\t\t\t\t\t<div class=\"elementor-column elementor-col-100 elementor-top-column elementor-element elementor-element-3e785b5\" data-id=\"3e785b5\" data-element_type=\"column\">\n\t\t\t<div class=\"elementor-column-wrap elementor-element-populated\">\n\t\t\t\t\t\t\t<div class=\"elementor-widget-wrap\">\n\t\t\t\t\t\t<div class=\"elementor-element elementor-element-d151712 elementor-widget elementor-widget-heading\" data-id=\"d151712\" data-element_type=\"widget\" data-widget_type=\"heading.default\">\n\t\t\t\t<div class=\"elementor-widget-container\">\n\t\t\t<h2 class=\"elementor-heading-title elementor-size-default\">RECHTSMITTEILUNG<\/h2>\t\t<\/div>\n\t\t\t\t<\/div>\n\t\t\t\t\t\t<\/div>\n\t\t\t\t\t<\/div>\n\t\t<\/div>\n\t\t\t\t\t\t\t\t<\/div>\n\t\t\t\t\t<\/div>\n\t\t<\/section>\n\t\t\t\t<section class=\"elementor-section elementor-top-section elementor-element elementor-element-258d53f elementor-section-boxed elementor-section-height-default elementor-section-height-default\" data-id=\"258d53f\" data-element_type=\"section\" data-settings=\"{&quot;jet_parallax_layout_list&quot;:[{&quot;jet_parallax_layout_image&quot;:{&quot;url&quot;:&quot;&quot;,&quot;id&quot;:&quot;&quot;,&quot;size&quot;:&quot;&quot;},&quot;_id&quot;:&quot;8645c25&quot;,&quot;jet_parallax_layout_image_tablet&quot;:{&quot;url&quot;:&quot;&quot;,&quot;id&quot;:&quot;&quot;,&quot;size&quot;:&quot;&quot;},&quot;jet_parallax_layout_image_mobile&quot;:{&quot;url&quot;:&quot;&quot;,&quot;id&quot;:&quot;&quot;,&quot;size&quot;:&quot;&quot;},&quot;jet_parallax_layout_speed&quot;:{&quot;unit&quot;:&quot;%&quot;,&quot;size&quot;:50,&quot;sizes&quot;:[]},&quot;jet_parallax_layout_type&quot;:&quot;scroll&quot;,&quot;jet_parallax_layout_direction&quot;:null,&quot;jet_parallax_layout_z_index&quot;:&quot;&quot;,&quot;jet_parallax_layout_bg_x&quot;:50,&quot;jet_parallax_layout_bg_y&quot;:50,&quot;jet_parallax_layout_bg_size&quot;:&quot;auto&quot;,&quot;jet_parallax_layout_animation_prop&quot;:&quot;transform&quot;,&quot;jet_parallax_layout_on&quot;:[&quot;desktop&quot;,&quot;tablet&quot;],&quot;jet_parallax_layout_fx_direction&quot;:null,&quot;jet_parallax_layout_bg_x_tablet&quot;:&quot;&quot;,&quot;jet_parallax_layout_bg_x_mobile&quot;:&quot;&quot;,&quot;jet_parallax_layout_bg_y_tablet&quot;:&quot;&quot;,&quot;jet_parallax_layout_bg_y_mobile&quot;:&quot;&quot;,&quot;jet_parallax_layout_bg_size_tablet&quot;:&quot;&quot;,&quot;jet_parallax_layout_bg_size_mobile&quot;:&quot;&quot;}]}\">\n\t\t\t\t\t\t<div class=\"elementor-container elementor-column-gap-default\">\n\t\t\t\t\t\t\t<div class=\"elementor-row\">\n\t\t\t\t\t<div class=\"elementor-column elementor-col-100 elementor-top-column elementor-element elementor-element-1c359ba7\" data-id=\"1c359ba7\" data-element_type=\"column\">\n\t\t\t<div class=\"elementor-column-wrap elementor-element-populated\">\n\t\t\t\t\t\t\t<div class=\"elementor-widget-wrap\">\n\t\t\t\t\t\t<div class=\"elementor-element elementor-element-1c7dc85 elementor-widget elementor-widget-heading\" data-id=\"1c7dc85\" data-element_type=\"widget\" data-widget_type=\"heading.default\">\n\t\t\t\t<div class=\"elementor-widget-container\">\n\t\t\t<h5 class=\"elementor-heading-title elementor-size-default\">Rechtsmitteilung<\/h5>\t\t<\/div>\n\t\t\t\t<\/div>\n\t\t\t\t<div class=\"elementor-element elementor-element-6bb7e6e elementor-widget elementor-widget-text-editor\" data-id=\"6bb7e6e\" data-element_type=\"widget\" data-widget_type=\"text-editor.default\">\n\t\t\t\t<div class=\"elementor-widget-container\">\n\t\t\t\t\t\t\t\t<div class=\"elementor-text-editor elementor-clearfix\">\n\t\t\t\t<p>Alle Informationen, Daten und Materialien auf der Webseite sencila-medle.si<br \/>sind informativer Natur. In der Gesellschaft Sen\u010dila Medle d.o.o. werden wir unser Bestes geben,<br \/>um einen reibungslosen Betrieb der Webseite und<br \/>Genauigkeit und Aktualit\u00e4t der Daten zu gew\u00e4hrleisten.<\/p><p>Sen\u010dila Medle d.o.o. ist nicht f\u00fcr etwaige Fehler verantwortlich oder den ununterbrochen<br \/>Betrieb der Webseite, als auch nicht<br \/>durch die Verwendung oder Unf\u00e4higkeit zur Verwendung der Daten auf der Webseite sencila-medle.si resultierende Folgen.<\/p><p>Die betreffende Rechtsmitteilung kann von Sen\u010dila Medle d.o.o. jederzeit ge\u00e4ndert werden oder von der Webseite ohne vorherige Ank\u00fcndigung gel\u00f6scht werden.<\/p><p>Die Webseite sencila-medle.si ist geistiges Eigentum des Unternehmens Sen\u010dila Medle d.o.o. und ist urheberrechtlich gesch\u00fctzt.<\/p><p>Verwendung von Informationen, Daten und anderen Materialien ohne vorherige Zustimmung des Unternehmens Sen\u010dila Medle d.o.o. ist untersagt.<\/p>\t\t\t\t\t<\/div>\n\t\t\t\t\t\t<\/div>\n\t\t\t\t<\/div>\n\t\t\t\t\t\t<\/div>\n\t\t\t\t\t<\/div>\n\t\t<\/div>\n\t\t\t\t\t\t\t\t<\/div>\n\t\t\t\t\t<\/div>\n\t\t<\/section>\n\t\t\t\t<section class=\"elementor-section elementor-top-section elementor-element elementor-element-7f21f7c elementor-section-boxed elementor-section-height-default elementor-section-height-default\" data-id=\"7f21f7c\" data-element_type=\"section\" data-settings=\"{&quot;jet_parallax_layout_list&quot;:[{&quot;jet_parallax_layout_image&quot;:{&quot;url&quot;:&quot;&quot;,&quot;id&quot;:&quot;&quot;,&quot;size&quot;:&quot;&quot;},&quot;_id&quot;:&quot;8645c25&quot;,&quot;jet_parallax_layout_image_tablet&quot;:{&quot;url&quot;:&quot;&quot;,&quot;id&quot;:&quot;&quot;,&quot;size&quot;:&quot;&quot;},&quot;jet_parallax_layout_image_mobile&quot;:{&quot;url&quot;:&quot;&quot;,&quot;id&quot;:&quot;&quot;,&quot;size&quot;:&quot;&quot;},&quot;jet_parallax_layout_speed&quot;:{&quot;unit&quot;:&quot;%&quot;,&quot;size&quot;:50,&quot;sizes&quot;:[]},&quot;jet_parallax_layout_type&quot;:&quot;scroll&quot;,&quot;jet_parallax_layout_direction&quot;:null,&quot;jet_parallax_layout_z_index&quot;:&quot;&quot;,&quot;jet_parallax_layout_bg_x&quot;:50,&quot;jet_parallax_layout_bg_y&quot;:50,&quot;jet_parallax_layout_bg_size&quot;:&quot;auto&quot;,&quot;jet_parallax_layout_animation_prop&quot;:&quot;transform&quot;,&quot;jet_parallax_layout_on&quot;:[&quot;desktop&quot;,&quot;tablet&quot;],&quot;jet_parallax_layout_fx_direction&quot;:null,&quot;jet_parallax_layout_bg_x_tablet&quot;:&quot;&quot;,&quot;jet_parallax_layout_bg_x_mobile&quot;:&quot;&quot;,&quot;jet_parallax_layout_bg_y_tablet&quot;:&quot;&quot;,&quot;jet_parallax_layout_bg_y_mobile&quot;:&quot;&quot;,&quot;jet_parallax_layout_bg_size_tablet&quot;:&quot;&quot;,&quot;jet_parallax_layout_bg_size_mobile&quot;:&quot;&quot;}]}\">\n\t\t\t\t\t\t<div class=\"elementor-container elementor-column-gap-default\">\n\t\t\t\t\t\t\t<div class=\"elementor-row\">\n\t\t\t\t\t<div class=\"elementor-column elementor-col-100 elementor-top-column elementor-element elementor-element-539d87b\" data-id=\"539d87b\" data-element_type=\"column\">\n\t\t\t<div class=\"elementor-column-wrap elementor-element-populated\">\n\t\t\t\t\t\t\t<div class=\"elementor-widget-wrap\">\n\t\t\t\t\t\t<div class=\"elementor-element elementor-element-29a1123 elementor-widget elementor-widget-heading\" data-id=\"29a1123\" data-element_type=\"widget\" data-widget_type=\"heading.default\">\n\t\t\t\t<div class=\"elementor-widget-container\">\n\t\t\t<h5 class=\"elementor-heading-title elementor-size-default\">Datenschutzerkl\u00e4rung<\/h5>\t\t<\/div>\n\t\t\t\t<\/div>\n\t\t\t\t<div class=\"elementor-element elementor-element-744005a elementor-widget elementor-widget-text-editor\" data-id=\"744005a\" data-element_type=\"widget\" data-widget_type=\"text-editor.default\">\n\t\t\t\t<div class=\"elementor-widget-container\">\n\t\t\t\t\t\t\t\t<div class=\"elementor-text-editor elementor-clearfix\">\n\t\t\t\t<p>Sen\u010dila Medle d.o.o. respektiert die Privatsph\u00e4re der Benutzer und verpflichtet sich dazu, die von seiner Webseite erhaltenen Daten in \u00dcbereinstimmung mit der geltenden Gesetzgebung zum Schutz personenbezogener Daten und unaufgeforderter Kommunikation zu regeln.<\/p><p>Ein Benutzer, der seine pers\u00f6nlichen Daten \u00fcber die Webseite im Online-Formular oder unter der angegebenen E-Mail-Adresse eingibt, um ein Produkt oder eine Dienstleistung anzufordern, stimmt der Verarbeitung seiner pers\u00f6nlichen Daten pers\u00f6nlich zu und erm\u00f6glicht dem Unternehmen das Sammeln, Erhalten,<br \/>Eintragung, Bearbeitung, die Einsicht in die Daten und Speicherung der Daten oder verarbeitet sie auf andere Weise, die er in pers\u00f6nlichen Datenbanken speichert.<\/p><p>Der Benutzer der Webseite ist sich bewusst und erkl\u00e4rt sich damit einverstanden, dass das Unternehmen seine pers\u00f6nlichen Daten verwendet, um Kontakt mit dem Benutzer aufzunehmen, ein Angebot vorzubereiten und dass seine pers\u00f6nlichen Daten (einschlie\u00dflich E-Mail-Adresse und\/oder Telefonnummer) auch zur Durchf\u00fchrung von Direktmarketingaktivit\u00e4ten, Datenanalysen f\u00fcr statistische und Marktforschungs- und Informationszwecke vom Unternehmen verwendet werden k\u00f6nnen.<\/p><p>Der Benutzer ist in Kenntnis gesetzt, dass er mit der Weiterleitung der Abmeldung an die E-Mail-Adresse info@medle.eu &lt;mailto:info@medle.eu&gt; vom Unternehmen jederzeit die Verwendung seiner personenbezogenen Daten f\u00fcr Direktmarketingzwecke aus dieser Erkl\u00e4rung fordern kann. Das Unternehmen wird die weitere Verwendung seiner personenbezogenen Daten zum Zwecke des Direktmarketings innerhalb von 15 Tagen nach Eingang der Anfrage des Benutzers verhindern.<\/p><p>Die Gesellschaft SEN\u010cILA MEDLE d.o.o., Podbev\u0161kova ulica 31, SI-8000 Novo mesto, Steuernummer SI72882875, Handelsregisternummer 2320215000 (nachfolgend: die Gesellschaft) hat eine lange Tradition in der Herstellung von Innen-, Au\u00dfenjalousien und Moskitonetzen.<\/p><p>Sie m\u00f6chte alle Kunden \u00fcber ihr Produktionsprogramm, \u00fcber Neuheiten, Trends und \u00c4nderungen im Bereich Sonnenschutz\/Wetterschutz informieren (Daten werden zum Versenden von Nachrichten mit Marketinginhalten gesammelt).<\/p><p>Die Gesellschaft sammelt die folgenden personenbezogenen Daten von seinen Kunden, um Nachrichten mit Marketinginhalten zu versenden:<\/p><p>Vor- und Nachname (f\u00fcr nat\u00fcrliche Personen)<br \/>Name des Unternehmens (f\u00fcr juristische Personen)<br \/>E-Mail-Adresse (f\u00fcr nat\u00fcrliche und juristische Personen)<br \/>Telefon (f\u00fcr nat\u00fcrliche und juristische Personen)<\/p><p>Durch die Datenvermittlung an Sen\u010dila Medle d.o.o. stimmen Sie der Verwendung dieser Daten f\u00fcr die Vermarktung unserer Produkte zu.<\/p>\t\t\t\t\t<\/div>\n\t\t\t\t\t\t<\/div>\n\t\t\t\t<\/div>\n\t\t\t\t\t\t<\/div>\n\t\t\t\t\t<\/div>\n\t\t<\/div>\n\t\t\t\t\t\t\t\t<\/div>\n\t\t\t\t\t<\/div>\n\t\t<\/section>\n\t\t\t\t<section class=\"elementor-section elementor-top-section elementor-element elementor-element-7bc4a2f elementor-section-boxed elementor-section-height-default elementor-section-height-default\" data-id=\"7bc4a2f\" data-element_type=\"section\" data-settings=\"{&quot;jet_parallax_layout_list&quot;:[{&quot;jet_parallax_layout_image&quot;:{&quot;url&quot;:&quot;&quot;,&quot;id&quot;:&quot;&quot;,&quot;size&quot;:&quot;&quot;},&quot;_id&quot;:&quot;8645c25&quot;,&quot;jet_parallax_layout_image_tablet&quot;:{&quot;url&quot;:&quot;&quot;,&quot;id&quot;:&quot;&quot;,&quot;size&quot;:&quot;&quot;},&quot;jet_parallax_layout_image_mobile&quot;:{&quot;url&quot;:&quot;&quot;,&quot;id&quot;:&quot;&quot;,&quot;size&quot;:&quot;&quot;},&quot;jet_parallax_layout_speed&quot;:{&quot;unit&quot;:&quot;%&quot;,&quot;size&quot;:50,&quot;sizes&quot;:[]},&quot;jet_parallax_layout_type&quot;:&quot;scroll&quot;,&quot;jet_parallax_layout_direction&quot;:null,&quot;jet_parallax_layout_z_index&quot;:&quot;&quot;,&quot;jet_parallax_layout_bg_x&quot;:50,&quot;jet_parallax_layout_bg_y&quot;:50,&quot;jet_parallax_layout_bg_size&quot;:&quot;auto&quot;,&quot;jet_parallax_layout_animation_prop&quot;:&quot;transform&quot;,&quot;jet_parallax_layout_on&quot;:[&quot;desktop&quot;,&quot;tablet&quot;],&quot;jet_parallax_layout_fx_direction&quot;:null,&quot;jet_parallax_layout_bg_x_tablet&quot;:&quot;&quot;,&quot;jet_parallax_layout_bg_x_mobile&quot;:&quot;&quot;,&quot;jet_parallax_layout_bg_y_tablet&quot;:&quot;&quot;,&quot;jet_parallax_layout_bg_y_mobile&quot;:&quot;&quot;,&quot;jet_parallax_layout_bg_size_tablet&quot;:&quot;&quot;,&quot;jet_parallax_layout_bg_size_mobile&quot;:&quot;&quot;}]}\">\n\t\t\t\t\t\t<div class=\"elementor-container elementor-column-gap-default\">\n\t\t\t\t\t\t\t<div class=\"elementor-row\">\n\t\t\t\t\t<div class=\"elementor-column elementor-col-100 elementor-top-column elementor-element elementor-element-1f32dd4\" data-id=\"1f32dd4\" data-element_type=\"column\">\n\t\t\t<div class=\"elementor-column-wrap elementor-element-populated\">\n\t\t\t\t\t\t\t<div class=\"elementor-widget-wrap\">\n\t\t\t\t\t\t<div class=\"elementor-element elementor-element-291b2c4 elementor-widget elementor-widget-heading\" data-id=\"291b2c4\" data-element_type=\"widget\" data-widget_type=\"heading.default\">\n\t\t\t\t<div class=\"elementor-widget-container\">\n\t\t\t<h5 class=\"elementor-heading-title elementor-size-default\">Cookies<\/h5>\t\t<\/div>\n\t\t\t\t<\/div>\n\t\t\t\t<div class=\"elementor-element elementor-element-a611103 elementor-widget elementor-widget-text-editor\" data-id=\"a611103\" data-element_type=\"widget\" data-widget_type=\"text-editor.default\">\n\t\t\t\t<div class=\"elementor-widget-container\">\n\t\t\t\t\t\t\t\t<div class=\"elementor-text-editor elementor-clearfix\">\n\t\t\t\t<p>Cookies sind nichts Neues, alle Webseiten-Besucher haben auf ihren Computern, Tablets, Mobiltelefonen bereits eine Menge von Cookies von verschiedenen Webseiten gespeichert. Neu ist nur, dass es mit der neuen Gesetzgebung (das Gesetz \u00fcber elektronische Kommunikation) zu Ver\u00e4nderungen in der Benachrichtigung bzw. der Zustimmungen der Besucher mit ihrer Verwendung kommt.<br \/>Was sind Cookies?<\/p><p>Das sind kleine Textdateien, die von meisten Webseiten in die Ger\u00e4te gespeichert werden, mit denen Benutzer auf das Internet zugreifen, um bestimmte Ger\u00e4te zu identifizieren, die von Benutzern bei dem Zugriff verwendet werden. Ihre Speicherung unterliegt der vollen Kontrolle des bereitgestellten Browsers des Benutzers \u2013 der Benutzer kann die Speicherung von Cookies auf Wunsch einschr\u00e4nken oder deaktivieren. Cookies sind nicht sch\u00e4dlich und sind immer zeitlich begrenzt. Warum werden Cookies ben\u00f6tigt?<\/p><p>Cookies sind wichtig, um benutzerfreundliche Online-Dienstleistungen zu gew\u00e4hrleisten. Die Interaktion zwischen dem Web-Benutzer und der Webseite ist mit Hilfe von Cookies schneller und einfacher. Mit ihrer Hilfe<br \/>merkt sich die Webseite individuelle Pr\u00e4ferenzen und Erfahrungen, damit wird Zeit gespart, das Surfen auf Webseiten wird effizienter und freundlicher.<\/p><p>Einige konkrete Beispiele f\u00fcr die Verwendung von Cookies:<br \/>&#8211; f\u00fcr eine bessere Benutzer-Erfahrung der Webseite passen wir den Besuchern den Webseite-Anzeigeinhalt in Hinsicht auf fr\u00fchere Besuche an;<br \/>&#8211; um die Auswahl beim Erstellen einer Auswahlliste von Ger\u00e4ten und Angeboten und deren Vergleich auf den Teilen der Webseiten, auf denen eine Registrierung erforderlich ist, zu speichern,<br \/>&#8211; zur Erkennung Ihres Ger\u00e4ts (Computer, Tablet, Mobilger\u00e4t), das die Anzeigeinhalte auf Ihrem Ger\u00e4t erm\u00f6glicht;<br \/>&#8211; zum Besuch-Monitoring, der die Erkennung von Wirksamkeit der Anzeigeinhalte und Relevanz der Anzeigen und die st\u00e4ndige Verbesserung der Webseiten erm\u00f6glicht;<br \/>&#8211; f\u00fcr den Betrieb bestimmter Dienste im Ausland (z. B. Online-Banken, Online-Shops und andere Formen des E-Commerce &#8230;).<\/p><p>Deaktivieren von Cookies<br \/>Sie entscheiden, ob Sie die Speicherung von Cookies auf Ihrem Ger\u00e4t erm\u00f6glichen. Cookie-Einstellungen k\u00f6nnen Sie in Ihrem Web-Browser kontrollieren und \u00e4ndern.<\/p>\t\t\t\t\t<\/div>\n\t\t\t\t\t\t<\/div>\n\t\t\t\t<\/div>\n\t\t\t\t\t\t<\/div>\n\t\t\t\t\t<\/div>\n\t\t<\/div>\n\t\t\t\t\t\t\t\t<\/div>\n\t\t\t\t\t<\/div>\n\t\t<\/section>\n\t\t\t\t\t\t\t\t\t<\/div>\n\t\t\t<\/div>\n\t\t\t\t\t<\/div>\n\t\t","protected":false},"excerpt":{"rendered":"<p>RECHTSMITTEILUNG Rechtsmitteilung Alle Informationen, Daten und Materialien auf der Webseite sencila-medle.sisind informativer Natur. In der Gesellschaft Sen\u010dila Medle d.o.o. werden wir unser Bestes geben,um einen reibungslosen Betrieb der Webseite undGenauigkeit und Aktualit\u00e4t der Daten zu gew\u00e4hrleisten. Sen\u010dila Medle d.o.o. ist nicht f\u00fcr etwaige Fehler verantwortlich oder den ununterbrochenBetrieb der Webseite, als auch nichtdurch die Verwendung [&hellip;]<\/p>\n","protected":false},"author":1,"featured_media":0,"parent":0,"menu_order":0,"comment_status":"closed","ping_status":"closed","template":"elementor_header_footer","meta":{"footnotes":""},"_links":{"self":[{"href":"https:\/\/develop.sencila-medle.si\/de\/wp-json\/wp\/v2\/pages\/10174"}],"collection":[{"href":"https:\/\/develop.sencila-medle.si\/de\/wp-json\/wp\/v2\/pages"}],"about":[{"href":"https:\/\/develop.sencila-medle.si\/de\/wp-json\/wp\/v2\/types\/page"}],"author":[{"embeddable":true,"href":"https:\/\/develop.sencila-medle.si\/de\/wp-json\/wp\/v2\/users\/1"}],"replies":[{"embeddable":true,"href":"https:\/\/develop.sencila-medle.si\/de\/wp-json\/wp\/v2\/comments?post=10174"}],"version-history":[{"count":0,"href":"https:\/\/develop.sencila-medle.si\/de\/wp-json\/wp\/v2\/pages\/10174\/revisions"}],"wp:attachment":[{"href":"https:\/\/develop.sencila-medle.si\/de\/wp-json\/wp\/v2\/media?parent=10174"}],"curies":[{"name":"wp","href":"https:\/\/api.w.org\/{rel}","templated":true}]}}