{"id":11760,"date":"2020-08-27T10:32:55","date_gmt":"2020-08-27T09:32:55","guid":{"rendered":"https:\/\/sencila-medle.si\/?page_id=11760"},"modified":"2020-08-27T10:42:17","modified_gmt":"2020-08-27T09:42:17","slug":"cesta-pitanja","status":"publish","type":"page","link":"https:\/\/develop.sencila-medle.si\/hr\/cesta-pitanja\/","title":{"rendered":"\u010cesta pitanja"},"content":{"rendered":"\t\t<div data-elementor-type=\"wp-page\" data-elementor-id=\"11760\" class=\"elementor elementor-11760 elementor-3482\">\n\t\t\t\t\t\t<div class=\"elementor-inner\">\n\t\t\t\t<div class=\"elementor-section-wrap\">\n\t\t\t\t\t\t\t\t\t<section class=\"elementor-section elementor-top-section elementor-element elementor-element-170cc2be elementor-section-content-middle elementor-section-boxed elementor-section-height-default elementor-section-height-default\" data-id=\"170cc2be\" data-element_type=\"section\" data-settings=\"{&quot;jet_parallax_layout_list&quot;:[{&quot;jet_parallax_layout_image&quot;:{&quot;url&quot;:&quot;&quot;,&quot;id&quot;:&quot;&quot;,&quot;size&quot;:&quot;&quot;},&quot;jet_parallax_layout_image_tablet&quot;:{&quot;url&quot;:&quot;&quot;,&quot;id&quot;:&quot;&quot;,&quot;size&quot;:&quot;&quot;},&quot;jet_parallax_layout_image_mobile&quot;:{&quot;url&quot;:&quot;&quot;,&quot;id&quot;:&quot;&quot;,&quot;size&quot;:&quot;&quot;},&quot;jet_parallax_layout_speed&quot;:{&quot;unit&quot;:&quot;%&quot;,&quot;size&quot;:50,&quot;sizes&quot;:[]},&quot;jet_parallax_layout_type&quot;:&quot;scroll&quot;,&quot;jet_parallax_layout_direction&quot;:null,&quot;jet_parallax_layout_fx_direction&quot;:null,&quot;jet_parallax_layout_z_index&quot;:&quot;&quot;,&quot;jet_parallax_layout_bg_x&quot;:50,&quot;jet_parallax_layout_bg_y&quot;:50,&quot;jet_parallax_layout_bg_size&quot;:&quot;auto&quot;,&quot;jet_parallax_layout_animation_prop&quot;:&quot;transform&quot;,&quot;jet_parallax_layout_on&quot;:[&quot;desktop&quot;,&quot;tablet&quot;],&quot;_id&quot;:&quot;8eb2542&quot;,&quot;jet_parallax_layout_bg_x_tablet&quot;:&quot;&quot;,&quot;jet_parallax_layout_bg_x_mobile&quot;:&quot;&quot;,&quot;jet_parallax_layout_bg_y_tablet&quot;:&quot;&quot;,&quot;jet_parallax_layout_bg_y_mobile&quot;:&quot;&quot;,&quot;jet_parallax_layout_bg_size_tablet&quot;:&quot;&quot;,&quot;jet_parallax_layout_bg_size_mobile&quot;:&quot;&quot;}]}\">\n\t\t\t\t\t\t<div class=\"elementor-container elementor-column-gap-no\">\n\t\t\t\t\t\t\t<div class=\"elementor-row\">\n\t\t\t\t\t<div class=\"elementor-column elementor-col-100 elementor-top-column elementor-element elementor-element-65a7de08\" data-id=\"65a7de08\" data-element_type=\"column\">\n\t\t\t<div class=\"elementor-column-wrap elementor-element-populated\">\n\t\t\t\t\t\t\t<div class=\"elementor-widget-wrap\">\n\t\t\t\t\t\t<div class=\"elementor-element elementor-element-52805aa elementor-widget elementor-widget-heading\" data-id=\"52805aa\" data-element_type=\"widget\" data-widget_type=\"heading.default\">\n\t\t\t\t<div class=\"elementor-widget-container\">\n\t\t\t<h1 class=\"elementor-heading-title elementor-size-default\">\u010cesta pitanja<\/h1>\t\t<\/div>\n\t\t\t\t<\/div>\n\t\t\t\t<div class=\"elementor-element elementor-element-17e844b4 elementor-widget elementor-widget-toggle\" data-id=\"17e844b4\" data-element_type=\"widget\" data-widget_type=\"toggle.default\">\n\t\t\t\t<div class=\"elementor-widget-container\">\n\t\t\t\t\t<div class=\"elementor-toggle\" role=\"tablist\">\n\t\t\t\t\t\t\t<div class=\"elementor-toggle-item\">\n\t\t\t\t\t<div id=\"elementor-tab-title-4011\" class=\"elementor-tab-title\" data-tab=\"1\" role=\"tab\" aria-controls=\"elementor-tab-content-4011\" aria-expanded=\"false\">\n\t\t\t\t\t\t\t\t\t\t\t\t<span class=\"elementor-toggle-icon elementor-toggle-icon-right\" aria-hidden=\"true\">\n\t\t\t\t\t\t\t\t\t\t\t\t\t\t\t<span class=\"elementor-toggle-icon-closed\"><i class=\"fas fa-caret-down\"><\/i><\/span>\n\t\t\t\t\t\t\t\t<span class=\"elementor-toggle-icon-opened\"><i class=\"elementor-toggle-icon-opened fas fa-caret-up\"><\/i><\/span>\n\t\t\t\t\t\t\t\t\t\t\t\t\t<\/span>\n\t\t\t\t\t\t\t\t\t\t\t\t<a href=\"\" class=\"elementor-toggle-title\">Koja je razlika izme\u0111u suncobrana s betonskim postoljima i onima koji imaju potporu sa strane, kao svojevrsno stablo?<\/a>\n\t\t\t\t\t<\/div>\n\n\t\t\t\t\t<div id=\"elementor-tab-content-4011\" class=\"elementor-tab-content elementor-clearfix\" data-tab=\"1\" role=\"tabpanel\" aria-labelledby=\"elementor-tab-title-4011\"><p>Sjenila s bo\u010dnim stalkom omogu\u0107avaju iskori\u0161tavanje cijelog prostora. Kada se sastavlja vi\u0161e sjenila zajedno, povr\u0161ina pod njima je iskoristivija.<\/p><\/div>\n\t\t\t\t<\/div>\n\t\t\t\t\t\t\t\t<\/div>\n\t\t\t\t<\/div>\n\t\t\t\t<\/div>\n\t\t\t\t<div class=\"elementor-element elementor-element-4d79e0a elementor-widget elementor-widget-toggle\" data-id=\"4d79e0a\" data-element_type=\"widget\" data-widget_type=\"toggle.default\">\n\t\t\t\t<div class=\"elementor-widget-container\">\n\t\t\t\t\t<div class=\"elementor-toggle\" role=\"tablist\">\n\t\t\t\t\t\t\t<div class=\"elementor-toggle-item\">\n\t\t\t\t\t<div id=\"elementor-tab-title-8121\" class=\"elementor-tab-title\" data-tab=\"1\" role=\"tab\" aria-controls=\"elementor-tab-content-8121\" aria-expanded=\"false\">\n\t\t\t\t\t\t\t\t\t\t\t\t<span class=\"elementor-toggle-icon elementor-toggle-icon-right\" aria-hidden=\"true\">\n\t\t\t\t\t\t\t\t\t\t\t\t\t\t\t<span class=\"elementor-toggle-icon-closed\"><i class=\"fas fa-caret-down\"><\/i><\/span>\n\t\t\t\t\t\t\t\t<span class=\"elementor-toggle-icon-opened\"><i class=\"elementor-toggle-icon-opened fas fa-caret-up\"><\/i><\/span>\n\t\t\t\t\t\t\t\t\t\t\t\t\t<\/span>\n\t\t\t\t\t\t\t\t\t\t\t\t<a href=\"\" class=\"elementor-toggle-title\">Koji mogu biti rasponi suncobrana i kakva je njihova otpornost na vjetar i blije\u0111enje zbog sunca?<\/a>\n\t\t\t\t\t<\/div>\n\n\t\t\t\t\t<div id=\"elementor-tab-content-8121\" class=\"elementor-tab-content elementor-clearfix\" data-tab=\"1\" role=\"tabpanel\" aria-labelledby=\"elementor-tab-title-8121\"><p>Suncobrani tako\u0111er mogu biti jako prakti\u010dno sjenilo (prvenstveno \u010detverokutni oblik s bo\u010dnim stupom) zbog karakteristi\u010dnog sustava zatvaranja i mogu\u0107no\u0161\u0107u slaganja za ve\u0107e povr\u0161ine. Mo\u017ee ih se povezati i tekstilnim \u017elijebom u slu\u010daju ki\u0161e. Tkanine su naj\u010de\u0161\u0107e akrilne s mogu\u0107no\u0161\u0107u pranja i jednostavne zamjene kod dotrajalosti. Sustavi i oblici su razli\u010diti, za ugostiteljske lokale prikladni su teleskopski suncobrani koje se prilikom zatvaranja podi\u017eu iznad stolova i zbog toga ih nije potrebno pospremati, mogu se vrtjeti oko svoje osi&#8230; Nudimo i sklopive suncobrane \u2013 dvostruki (pokrivanje povr\u0161ine do 789 x 299 ili 617 x 385) i \u010detverostruki (pokrivanje povr\u0161ine do 704 x 704 cm)\u00a0 sve s jednostrukim stalkom.<\/p><\/div>\n\t\t\t\t<\/div>\n\t\t\t\t\t\t\t\t<\/div>\n\t\t\t\t<\/div>\n\t\t\t\t<\/div>\n\t\t\t\t<div class=\"elementor-element elementor-element-be67947 elementor-widget elementor-widget-toggle\" data-id=\"be67947\" data-element_type=\"widget\" data-widget_type=\"toggle.default\">\n\t\t\t\t<div class=\"elementor-widget-container\">\n\t\t\t\t\t<div class=\"elementor-toggle\" role=\"tablist\">\n\t\t\t\t\t\t\t<div class=\"elementor-toggle-item\">\n\t\t\t\t\t<div id=\"elementor-tab-title-1991\" class=\"elementor-tab-title\" data-tab=\"1\" role=\"tab\" aria-controls=\"elementor-tab-content-1991\" aria-expanded=\"false\">\n\t\t\t\t\t\t\t\t\t\t\t\t<span class=\"elementor-toggle-icon elementor-toggle-icon-right\" aria-hidden=\"true\">\n\t\t\t\t\t\t\t\t\t\t\t\t\t\t\t<span class=\"elementor-toggle-icon-closed\"><i class=\"fas fa-caret-down\"><\/i><\/span>\n\t\t\t\t\t\t\t\t<span class=\"elementor-toggle-icon-opened\"><i class=\"elementor-toggle-icon-opened fas fa-caret-up\"><\/i><\/span>\n\t\t\t\t\t\t\t\t\t\t\t\t\t<\/span>\n\t\t\t\t\t\t\t\t\t\t\t\t<a href=\"\" class=\"elementor-toggle-title\">Zanimaju me svi detalji o tendama na terasama (kako ih odabrati, od kojega materijala, da ne izblijede, kako se montiraju, postoje li kakve posebnosti pri monta\u017ei, koliko lako mo\u017eemo upravljati njima...)?<\/a>\n\t\t\t\t\t<\/div>\n\n\t\t\t\t\t<div id=\"elementor-tab-content-1991\" class=\"elementor-tab-content elementor-clearfix\" data-tab=\"1\" role=\"tabpanel\" aria-labelledby=\"elementor-tab-title-1991\"><p>Prije odabira tendi va\u017eno je pripaziti na geografsku lokaciju (vjetrovitost, oborine, morsku sol, stranu neba \u2013 kretanje sunca&#8230;) na smje\u0161tenost u prostor (prvenstveno odgovaraju\u0107im odabirom modela i boja), na kvalitetu materijala (akrilna platna, inoks vijci, pra\u0161kasto obojena sna\u017ena konstrukcija). Razgledavanje s detaljnim stru\u010dnim savjetom u svim opcijama je stoga bitan dio kod dono\u0161enja odluke o kupnji tende. Na kraju su jako va\u017ena informacija i detaljne upute za uporabu i odr\u017eavanje te upozorenja o opasnosti kojih se potrebno pridr\u017eavati (zatvaranje tendi kod jakog vjetra, snijega, zra\u010denje tendi, opasnosti za djecu, opasnosti kod nepravilne monta\u017ee, demonta\u017ee, popravcima itd.).<\/p><p>Sustavi tendi su jako raznovrsni: osnovni mogu biti u kaseti ili bez, upravljanje je pomo\u0107u elektromotora ili ru\u010dno, dodatne mogu\u0107nosti su tako\u0111er jednostavno odvojeno upravljanje ve\u0107im nagibom tende, zavr\u0161ni profil s integriranim vertikalnim rolom, dodatni bo\u010dni rolo te mogu\u0107nost ugradnje grija\u010da za hladnije dane, osvjetljenje&#8230; I sama akrilna platna su razli\u010ditih zna\u010dajki: uz osnovna akrilna platna dostupna su i razna posebna platna: Reflect koja ima refleksijski nanos i stoga bolje odbija sun\u010deve zrake i toplinu; samogase\u0107a platna; zaslonska i soltis platna&#8230; Tende u boji prelaze iz prugastih u jednobojne tende.<\/p><\/div>\n\t\t\t\t<\/div>\n\t\t\t\t\t\t\t\t<\/div>\n\t\t\t\t<\/div>\n\t\t\t\t<\/div>\n\t\t\t\t<div class=\"elementor-element elementor-element-bde5cd6 elementor-widget elementor-widget-toggle\" data-id=\"bde5cd6\" data-element_type=\"widget\" data-widget_type=\"toggle.default\">\n\t\t\t\t<div class=\"elementor-widget-container\">\n\t\t\t\t\t<div class=\"elementor-toggle\" role=\"tablist\">\n\t\t\t\t\t\t\t<div class=\"elementor-toggle-item\">\n\t\t\t\t\t<div id=\"elementor-tab-title-1991\" class=\"elementor-tab-title\" data-tab=\"1\" role=\"tab\" aria-controls=\"elementor-tab-content-1991\" aria-expanded=\"false\">\n\t\t\t\t\t\t\t\t\t\t\t\t<span class=\"elementor-toggle-icon elementor-toggle-icon-right\" aria-hidden=\"true\">\n\t\t\t\t\t\t\t\t\t\t\t\t\t\t\t<span class=\"elementor-toggle-icon-closed\"><i class=\"fas fa-caret-down\"><\/i><\/span>\n\t\t\t\t\t\t\t\t<span class=\"elementor-toggle-icon-opened\"><i class=\"elementor-toggle-icon-opened fas fa-caret-up\"><\/i><\/span>\n\t\t\t\t\t\t\t\t\t\t\t\t\t<\/span>\n\t\t\t\t\t\t\t\t\t\t\t\t<a href=\"\" class=\"elementor-toggle-title\">Odabir tende<\/a>\n\t\t\t\t\t<\/div>\n\n\t\t\t\t\t<div id=\"elementor-tab-content-1991\" class=\"elementor-tab-content elementor-clearfix\" data-tab=\"1\" role=\"tabpanel\" aria-labelledby=\"elementor-tab-title-1991\"><p>Tende su nepogre\u0161iv dodatak kada \u017eelite vanjske povr\u0161ine iskoristiti za ugodno i udobno boravljenje.<\/p><p>Razli\u010dite vrste tendi omogu\u0107avaju pokrivanje manjih nadstre\u0161nica, balkona, pa sve do velikih terasa, ugostiteljskih vrtova i pergola.<\/p><p>Tende su u velikoj mjeri izlo\u017eene vremenskim utjecajima, stoga je kvaliteta ugra\u0111enih materijala od velikog zna\u010daja za postojanost i prakti\u010dnost sjenila.<\/p><p>Pri odabiru tende potrebno je uzeti u obzir:<\/p><p>&#8211; koje se povr\u0161ine zasjenjuju, jesu li to balkoni, terase, pergole&#8230;<br \/>&#8211; koja je \u0161irina izba\u010daja tende. Dimenzijama je potrebno prilagoditi snagu konstrukcije: koliko i kako su sna\u017ene ruke, vrstu cijevi&#8230;<br \/>&#8211; kakva je nosiva podloga<\/p><p>Da bi vam slu\u017eile \u0161to dulje, morate se pridr\u017eavati nekoliko savjeta za odr\u017eavanje tendi. Redovitim odr\u017eavanjem produljit \u0107ete njihov \u017eivotni vijek i izbje\u0107i tro\u0161kove koji bi nastali, ako biste morali naru\u010diti popravak.<\/p><p>Nekoliko jednostavnih savjeta za odr\u017eavanje tendi:<\/p><p>&#8211; smotajte tende kada je ki\u0161a, kada snije\u017ei i jak je vjetar;<br \/>&#8211; manje pukotine ili rupe potrebno je odmah zakrpati da se ne bi ra\u0161irile;<br \/>&#8211; metalne dijelove povremeno pregledajte i prebojite, ako je potrebno;<br \/>&#8211; mrlje na tendama redovito \u010distite; Upotrebljavajte meku krpu ili blaga<br \/>sredstva za \u010di\u0161\u0107enje, ako je potrebno.<br \/>&#8211; gornju stranu povremeno operite \u010distom vodom.<br \/>&#8211; donju stranu jednostavno o\u010distite ku\u0107nom metlom.<\/p><p>Tende imaju dug \u017eivotni vijek, ali za njegovo produljenje uzmite u obzir i neke stvari koje na dugi rok mogu \u0161tetiti va\u0161im tendama:<\/p><p>&#8211; ne dr\u017eite biljke, kao \u0161to je vinova loza i grmlje blizu tendi. Brojne biljke sadr\u017ee kiselinu koja mo\u017ee \u0161tetiti va\u0161im markizama.<br \/>&#8211; Ne namatajte tende pri hladnim temperaturama.<br \/>&#8211; Ne \u010distite tende jakim kemijskim sredstvima ili grubim \u010detkama.<br \/>&#8211; Ne postavljajte izvore topline kao \u0161to su plinski grija\u010di, \u017earnice blizu platna tendi<br \/>&#8211; Ne namatajte tende dok su mokre. Vlaga mo\u017ee prouzro\u010diti nastanak mrlja na platnu.<br \/>&#8211; Ne ostavljajte mrlje od zemlje, pti\u010djeg izmeta i li\u0161\u0107a na tendama jer mogu ostaviti mrlje.<\/p><\/div>\n\t\t\t\t<\/div>\n\t\t\t\t\t\t\t\t<\/div>\n\t\t\t\t<\/div>\n\t\t\t\t<\/div>\n\t\t\t\t<div class=\"elementor-element elementor-element-59d7404 elementor-widget elementor-widget-toggle\" data-id=\"59d7404\" data-element_type=\"widget\" data-widget_type=\"toggle.default\">\n\t\t\t\t<div class=\"elementor-widget-container\">\n\t\t\t\t\t<div class=\"elementor-toggle\" role=\"tablist\">\n\t\t\t\t\t\t\t<div class=\"elementor-toggle-item\">\n\t\t\t\t\t<div id=\"elementor-tab-title-9421\" class=\"elementor-tab-title\" data-tab=\"1\" role=\"tab\" aria-controls=\"elementor-tab-content-9421\" aria-expanded=\"false\">\n\t\t\t\t\t\t\t\t\t\t\t\t<span class=\"elementor-toggle-icon elementor-toggle-icon-right\" aria-hidden=\"true\">\n\t\t\t\t\t\t\t\t\t\t\t\t\t\t\t<span class=\"elementor-toggle-icon-closed\"><i class=\"fas fa-caret-down\"><\/i><\/span>\n\t\t\t\t\t\t\t\t<span class=\"elementor-toggle-icon-opened\"><i class=\"elementor-toggle-icon-opened fas fa-caret-up\"><\/i><\/span>\n\t\t\t\t\t\t\t\t\t\t\t\t\t<\/span>\n\t\t\t\t\t\t\t\t\t\t\t\t<a href=\"\" class=\"elementor-toggle-title\">Odabir sjenila<\/a>\n\t\t\t\t\t<\/div>\n\n\t\t\t\t\t<div id=\"elementor-tab-content-9421\" class=\"elementor-tab-content elementor-clearfix\" data-tab=\"1\" role=\"tabpanel\" aria-labelledby=\"elementor-tab-title-9421\"><p>Sjenila su va\u017ean dio na\u0161ih prozora, balkona, terasa i staklenih povr\u0161ina op\u0107enito. Osnovne funkcije sjenila su zasjenjivanje i time hla\u0111enje prostora te za\u0161tita od ne\u017eeljenih pogleda izvana. Neke vrste vam pru\u017eaju i zvu\u010dnu te toplinsku izolaciju, \u0161to zimi \u0161tedi puno novca. Zbog toga \u0161to kod ve\u0107ine sjenila mo\u017eemo birati me\u0111u razli\u010ditim bojama i materijalima, mogu imati i dekorativnu funkciju. Zbog toga \u0161to poznajemo vi\u0161e vrsta sjenila, prije kupnje moramo biti upoznati s osnovnim prednostima i nedostacima da bismo mogli lak\u0161e izabrati onu vrstu koja nam najbolje odgovara.<\/p><p>Za koju vrstu sjenila \u0107emo se odlu\u010diti prvenstveno ovisi o na\u0161im \u017eeljama i zahtjevima. Bez obzira na \u017eelje moramo imati na umu da su sjenila jako va\u017ean dodatak vanjskom izgledu objekta. Lijepim sjenilima koja se sla\u017eu s vanjskim i unutarnjim izgledom ku\u0107e, mo\u017eemo uljep\u0161ati cijelu konstrukciju, stoga prilikom odabira moramo biti pa\u017eljivi.<\/p><p>Rolete<br \/>Rolete su najzastupljenije sjenilo kod nas. Jedna su od kvalitetnijih<br \/>za\u0161tita kod sun\u010deve svjetlosti jer omogu\u0107avaju potpuno zatamnjivanje prostora. Proizvo\u0111a\u010di ih nude u razli\u010ditim bojama i materijalima. Neko\u0107 se<br \/>upotrebljavalo drvo, a danas je ve\u0107ina roleta izra\u0111ena od umjetnih masa. U nekim slu\u010dajevima se upotrebljavaju rolete od aluminija. Njihova je prednost da uz zasjenjivanje pru\u017eaju i toplinsku te zvu\u010dnu izolaciju te protuprovalnu za\u0161titu. Mo\u017ee ih se montirati na sve vrste prozora s vanjske strane. Ugradnja roleta se odvija prilikom izgradnje zgrade ispod nosivog nadvoja prozora, u<br \/>ravni nadvoj ispod okna ili naknadno kao dodatna instalacija uz prozor.<\/p><p>\u017daluzine<br \/>\u017daluzine \u0161tite prostor od sunca. Obi\u010dno su to aluminijske<br \/>trake razli\u010ditih \u0161irina, a povremeno se upotrebljavaju i drvene lamele.<br \/>Prilikom kupnje mo\u017eemo birati me\u0111u razli\u010ditim bojama, stoga imaju i<br \/>dekorativnu funkciju. Lagani su za upravljanje i imaju dug \u017eivotni<br \/>vijek. Svjetlost mo\u017eemo regulirati podizanjem ili spu\u0161tanjem \u017ealuzina konopcem, podiznom trakom, sklopivom metalnom \u0161ipkom, zidnim prekida\u010dem ili daljinskim upravlja\u010dem. Postavljanje je mogu\u0107e na sve vrste prostora, a mogu se montirati na unutarnju i vanjsku stranu ili pak izme\u0111u stakala. Zbog na\u010din ugradnje potrebno je ugradnju vanjskih \u017ealuzina planirati prilikom same izgradnje. Unutarnje \u017ealuzine mo\u017eemo ugraditi naknadno, ali su manje u\u010dinkovite od vanjskih.<\/p><p>Lamelne zavjese<br \/>Lamelne zavjese su uz za\u0161titu od sun\u010deve svjetlosti namijenjene i<br \/>dekoraciji poslovnih ili stambenih prostora. Dostupne su u razli\u010ditim<br \/>materijalima, uzorcima i bojama. Tako mo\u017eemo odabrati one koje su po na\u0161em ukusu, a ujedno ih moramo uskladiti i s prostorom. Odabirom prave boje i materijala mo\u017eemo kreirati ugodan ambijent. Trgovci nude trake razli\u010ditih \u0161irina koje su obi\u010dno izra\u0111ene od antistati\u010dkih i impregniranih materijala. Velika prednost lamelnih zavjesa je ta da su jednostavne za odr\u017eavanje i lagane za upravljanje. Prikladne su i za krovne prozore koji su pod nagibom i za polukru\u017ene otvore. Montiramo ih u unutra\u0161njost prostora, upravljamo njima konopcem, zidnim prekida\u010dem ili daljinskim upravlja\u010dem.<\/p><p>Plise<br \/>Plise zavjese, odnosno plisei su unutarnja sjenila od tekstilnih<br \/>materijala. Prikladni su za zasjenjivanje svih prozora, uklju\u010duju\u0107i krovne prozore i zimske vrtove. Tkanina kod tih sjenila je antistati\u010dki i<br \/>impregnacijski obra\u0111ena, stoga na sebe ne ve\u017ee pra\u0161inu. Me\u0111usobno se<br \/>razlikuju po propusnosti svjetlosti. Neke manje (dekorativna<br \/>poluprozirna, prozirna mre\u017easta tkanina), druge bolje zatamnjuju prostor<br \/>(zatamnjuju\u0107a tkanina). Pliseima nije mogu\u0107e potpuno zatamniti prostor. Mogu biti premazane i metalnim premazom koji posebno dobro odbija sun\u010deve zrake i dobar je toplinski izolator. Otvaramo ih na vi\u0161e razli\u010ditih na\u010dina. Plise mo\u017eemo postaviti na prozore nepravilnih oblika.<\/p><p>Roloi<br \/>Roloi se montiraju na unutarnju stranu prozora. Isto kao kod plisea,<br \/>tkanine roloa se razlikuju po prozirnosti. Mo\u017eemo birati me\u0111u<br \/>razli\u010ditim jednobojnim roloima, a kod nekih trgovaca i me\u0111u roloima razli\u010ditog ispisa. Ima vi\u0161e vrsta mehanizama za otvaranje (drvene<br \/>navojnice, sustavi s aluminijskim cijevima, trake te zatvoreni sustavi s aluminijskom kasetom).<\/p><p>Tende<br \/>Tende ili markize su prikladne za zasjenjivanje balkona, terasa, izlo\u017ebenih<br \/>prozora, ugostiteljskih objekata te za vanjsko zasjenjivanje op\u0107enito. Zbog toga \u0161to su jako izlo\u017eene vanjskim utjecajima, moraju biti jako otporne. Na\u010dinjene su od kvalitetnih prozra\u010dnih materijala i ne propu\u0161taju ultraljubi\u010daste (UV) zrake. Mo\u017eemo se odlu\u010diti i za vodootporne markize koje \u0107e nas osim od sunca, \u0161tititi i od ki\u0161e. Markizama mo\u017eemo upravljati ru\u010dno (pogonskim \u0161tapom) ili elektromotorom (daljinskim upravlja\u010dem ili prekida\u010dem).<\/p><\/div>\n\t\t\t\t<\/div>\n\t\t\t\t\t\t\t\t<\/div>\n\t\t\t\t<\/div>\n\t\t\t\t<\/div>\n\t\t\t\t\t\t<\/div>\n\t\t\t\t\t<\/div>\n\t\t<\/div>\n\t\t\t\t\t\t\t\t<\/div>\n\t\t\t\t\t<\/div>\n\t\t<\/section>\n\t\t\t\t\t\t\t\t\t<\/div>\n\t\t\t<\/div>\n\t\t\t\t\t<\/div>\n\t\t","protected":false},"excerpt":{"rendered":"<p>\u010cesta pitanja Koja je razlika izme\u0111u suncobrana s betonskim postoljima i onima koji imaju potporu sa strane, kao svojevrsno stablo? Sjenila s bo\u010dnim stalkom omogu\u0107avaju iskori\u0161tavanje cijelog prostora. Kada se sastavlja vi\u0161e sjenila zajedno, povr\u0161ina pod njima je iskoristivija. Koji mogu biti rasponi suncobrana i kakva je njihova otpornost na vjetar i blije\u0111enje zbog sunca? [&hellip;]<\/p>\n","protected":false},"author":1,"featured_media":0,"parent":0,"menu_order":0,"comment_status":"closed","ping_status":"closed","template":"elementor_header_footer","meta":{"footnotes":""},"_links":{"self":[{"href":"https:\/\/develop.sencila-medle.si\/hr\/wp-json\/wp\/v2\/pages\/11760"}],"collection":[{"href":"https:\/\/develop.sencila-medle.si\/hr\/wp-json\/wp\/v2\/pages"}],"about":[{"href":"https:\/\/develop.sencila-medle.si\/hr\/wp-json\/wp\/v2\/types\/page"}],"author":[{"embeddable":true,"href":"https:\/\/develop.sencila-medle.si\/hr\/wp-json\/wp\/v2\/users\/1"}],"replies":[{"embeddable":true,"href":"https:\/\/develop.sencila-medle.si\/hr\/wp-json\/wp\/v2\/comments?post=11760"}],"version-history":[{"count":0,"href":"https:\/\/develop.sencila-medle.si\/hr\/wp-json\/wp\/v2\/pages\/11760\/revisions"}],"wp:attachment":[{"href":"https:\/\/develop.sencila-medle.si\/hr\/wp-json\/wp\/v2\/media?parent=11760"}],"curies":[{"name":"wp","href":"https:\/\/api.w.org\/{rel}","templated":true}]}}