{"id":11773,"date":"2020-08-27T11:58:04","date_gmt":"2020-08-27T10:58:04","guid":{"rendered":"https:\/\/sencila-medle.si\/?page_id=11773"},"modified":"2020-09-21T16:05:27","modified_gmt":"2020-09-21T15:05:27","slug":"certifikati","status":"publish","type":"page","link":"https:\/\/develop.sencila-medle.si\/hr\/certifikati\/","title":{"rendered":"Certifikati"},"content":{"rendered":"\t\t<div data-elementor-type=\"wp-page\" data-elementor-id=\"11773\" class=\"elementor elementor-11773 elementor-4238\">\n\t\t\t\t\t\t<div class=\"elementor-inner\">\n\t\t\t\t<div class=\"elementor-section-wrap\">\n\t\t\t\t\t\t\t\t\t<section class=\"elementor-section elementor-top-section elementor-element elementor-element-49d76af elementor-section-full_width elementor-section-height-default elementor-section-height-default\" data-id=\"49d76af\" data-element_type=\"section\" data-settings=\"{&quot;jet_parallax_layout_list&quot;:[{&quot;jet_parallax_layout_image&quot;:{&quot;url&quot;:&quot;&quot;,&quot;id&quot;:&quot;&quot;,&quot;size&quot;:&quot;&quot;},&quot;_id&quot;:&quot;7f13eee&quot;,&quot;jet_parallax_layout_image_tablet&quot;:{&quot;url&quot;:&quot;&quot;,&quot;id&quot;:&quot;&quot;,&quot;size&quot;:&quot;&quot;},&quot;jet_parallax_layout_image_mobile&quot;:{&quot;url&quot;:&quot;&quot;,&quot;id&quot;:&quot;&quot;,&quot;size&quot;:&quot;&quot;},&quot;jet_parallax_layout_speed&quot;:{&quot;unit&quot;:&quot;%&quot;,&quot;size&quot;:50,&quot;sizes&quot;:[]},&quot;jet_parallax_layout_type&quot;:&quot;scroll&quot;,&quot;jet_parallax_layout_direction&quot;:null,&quot;jet_parallax_layout_fx_direction&quot;:null,&quot;jet_parallax_layout_z_index&quot;:&quot;&quot;,&quot;jet_parallax_layout_bg_x&quot;:50,&quot;jet_parallax_layout_bg_y&quot;:50,&quot;jet_parallax_layout_bg_size&quot;:&quot;auto&quot;,&quot;jet_parallax_layout_animation_prop&quot;:&quot;transform&quot;,&quot;jet_parallax_layout_on&quot;:[&quot;desktop&quot;,&quot;tablet&quot;],&quot;jet_parallax_layout_bg_x_tablet&quot;:&quot;&quot;,&quot;jet_parallax_layout_bg_x_mobile&quot;:&quot;&quot;,&quot;jet_parallax_layout_bg_y_tablet&quot;:&quot;&quot;,&quot;jet_parallax_layout_bg_y_mobile&quot;:&quot;&quot;,&quot;jet_parallax_layout_bg_size_tablet&quot;:&quot;&quot;,&quot;jet_parallax_layout_bg_size_mobile&quot;:&quot;&quot;}]}\">\n\t\t\t\t\t\t<div class=\"elementor-container elementor-column-gap-default\">\n\t\t\t\t\t\t\t<div class=\"elementor-row\">\n\t\t\t\t\t<div class=\"elementor-column elementor-col-100 elementor-top-column elementor-element elementor-element-b4e77c4\" data-id=\"b4e77c4\" data-element_type=\"column\">\n\t\t\t<div class=\"elementor-column-wrap elementor-element-populated\">\n\t\t\t\t\t\t\t<div class=\"elementor-widget-wrap\">\n\t\t\t\t\t\t<div class=\"elementor-element elementor-element-b5152b8 elementor-widget elementor-widget-image\" data-id=\"b5152b8\" data-element_type=\"widget\" data-widget_type=\"image.default\">\n\t\t\t\t<div class=\"elementor-widget-container\">\n\t\t\t\t\t\t\t\t<div class=\"elementor-image\">\n\t\t\t\t\t\t\t\t\t\t\t\t<img loading=\"lazy\" decoding=\"async\" width=\"1920\" height=\"529\" src=\"https:\/\/develop.sencila-medle.si\/wp-content\/uploads\/2019\/12\/Sencila-Medle-o-nas-2.jpg\" class=\"attachment-full size-full wp-image-4213\" alt=\"\" srcset=\"https:\/\/develop.sencila-medle.si\/wp-content\/uploads\/2019\/12\/Sencila-Medle-o-nas-2.jpg 1920w, https:\/\/develop.sencila-medle.si\/wp-content\/uploads\/2019\/12\/Sencila-Medle-o-nas-2-300x83.jpg 300w, https:\/\/develop.sencila-medle.si\/wp-content\/uploads\/2019\/12\/Sencila-Medle-o-nas-2-1024x282.jpg 1024w, https:\/\/develop.sencila-medle.si\/wp-content\/uploads\/2019\/12\/Sencila-Medle-o-nas-2-768x212.jpg 768w, https:\/\/develop.sencila-medle.si\/wp-content\/uploads\/2019\/12\/Sencila-Medle-o-nas-2-1536x423.jpg 1536w\" sizes=\"(max-width: 1920px) 100vw, 1920px\" \/>\t\t\t\t\t\t\t\t\t\t\t\t\t\t<\/div>\n\t\t\t\t\t\t<\/div>\n\t\t\t\t<\/div>\n\t\t\t\t\t\t<\/div>\n\t\t\t\t\t<\/div>\n\t\t<\/div>\n\t\t\t\t\t\t\t\t<\/div>\n\t\t\t\t\t<\/div>\n\t\t<\/section>\n\t\t\t\t<section class=\"elementor-section elementor-top-section elementor-element elementor-element-4e5c9e8 elementor-section-full_width elementor-section-height-default elementor-section-height-default\" data-id=\"4e5c9e8\" data-element_type=\"section\" data-settings=\"{&quot;jet_parallax_layout_list&quot;:[{&quot;jet_parallax_layout_image&quot;:{&quot;url&quot;:&quot;&quot;,&quot;id&quot;:&quot;&quot;,&quot;size&quot;:&quot;&quot;},&quot;_id&quot;:&quot;d85d968&quot;,&quot;jet_parallax_layout_image_tablet&quot;:{&quot;url&quot;:&quot;&quot;,&quot;id&quot;:&quot;&quot;,&quot;size&quot;:&quot;&quot;},&quot;jet_parallax_layout_image_mobile&quot;:{&quot;url&quot;:&quot;&quot;,&quot;id&quot;:&quot;&quot;,&quot;size&quot;:&quot;&quot;},&quot;jet_parallax_layout_speed&quot;:{&quot;unit&quot;:&quot;%&quot;,&quot;size&quot;:50,&quot;sizes&quot;:[]},&quot;jet_parallax_layout_type&quot;:&quot;scroll&quot;,&quot;jet_parallax_layout_direction&quot;:null,&quot;jet_parallax_layout_fx_direction&quot;:null,&quot;jet_parallax_layout_z_index&quot;:&quot;&quot;,&quot;jet_parallax_layout_bg_x&quot;:50,&quot;jet_parallax_layout_bg_y&quot;:50,&quot;jet_parallax_layout_bg_size&quot;:&quot;auto&quot;,&quot;jet_parallax_layout_animation_prop&quot;:&quot;transform&quot;,&quot;jet_parallax_layout_on&quot;:[&quot;desktop&quot;,&quot;tablet&quot;],&quot;jet_parallax_layout_bg_x_tablet&quot;:&quot;&quot;,&quot;jet_parallax_layout_bg_x_mobile&quot;:&quot;&quot;,&quot;jet_parallax_layout_bg_y_tablet&quot;:&quot;&quot;,&quot;jet_parallax_layout_bg_y_mobile&quot;:&quot;&quot;,&quot;jet_parallax_layout_bg_size_tablet&quot;:&quot;&quot;,&quot;jet_parallax_layout_bg_size_mobile&quot;:&quot;&quot;}]}\">\n\t\t\t\t\t\t<div class=\"elementor-container elementor-column-gap-default\">\n\t\t\t\t\t\t\t<div class=\"elementor-row\">\n\t\t\t\t\t<div class=\"elementor-column elementor-col-100 elementor-top-column elementor-element elementor-element-1861384\" data-id=\"1861384\" data-element_type=\"column\">\n\t\t\t<div class=\"elementor-column-wrap elementor-element-populated\">\n\t\t\t\t\t\t\t<div class=\"elementor-widget-wrap\">\n\t\t\t\t\t\t<div class=\"elementor-element elementor-element-33d61f2 elementor-widget elementor-widget-heading\" data-id=\"33d61f2\" data-element_type=\"widget\" data-widget_type=\"heading.default\">\n\t\t\t\t<div class=\"elementor-widget-container\">\n\t\t\t<h2 class=\"elementor-heading-title elementor-size-default\">CERTIFIKATI<\/h2>\t\t<\/div>\n\t\t\t\t<\/div>\n\t\t\t\t\t\t<\/div>\n\t\t\t\t\t<\/div>\n\t\t<\/div>\n\t\t\t\t\t\t\t\t<\/div>\n\t\t\t\t\t<\/div>\n\t\t<\/section>\n\t\t\t\t<section class=\"elementor-section elementor-top-section elementor-element elementor-element-f3c372b elementor-section-boxed elementor-section-height-default elementor-section-height-default\" data-id=\"f3c372b\" data-element_type=\"section\" data-settings=\"{&quot;jet_parallax_layout_list&quot;:[{&quot;jet_parallax_layout_image&quot;:{&quot;url&quot;:&quot;&quot;,&quot;id&quot;:&quot;&quot;,&quot;size&quot;:&quot;&quot;},&quot;_id&quot;:&quot;fd9f2e4&quot;,&quot;jet_parallax_layout_image_tablet&quot;:{&quot;url&quot;:&quot;&quot;,&quot;id&quot;:&quot;&quot;,&quot;size&quot;:&quot;&quot;},&quot;jet_parallax_layout_image_mobile&quot;:{&quot;url&quot;:&quot;&quot;,&quot;id&quot;:&quot;&quot;,&quot;size&quot;:&quot;&quot;},&quot;jet_parallax_layout_speed&quot;:{&quot;unit&quot;:&quot;%&quot;,&quot;size&quot;:50,&quot;sizes&quot;:[]},&quot;jet_parallax_layout_type&quot;:&quot;scroll&quot;,&quot;jet_parallax_layout_direction&quot;:null,&quot;jet_parallax_layout_fx_direction&quot;:null,&quot;jet_parallax_layout_z_index&quot;:&quot;&quot;,&quot;jet_parallax_layout_bg_x&quot;:50,&quot;jet_parallax_layout_bg_y&quot;:50,&quot;jet_parallax_layout_bg_size&quot;:&quot;auto&quot;,&quot;jet_parallax_layout_animation_prop&quot;:&quot;transform&quot;,&quot;jet_parallax_layout_on&quot;:[&quot;desktop&quot;,&quot;tablet&quot;],&quot;jet_parallax_layout_bg_x_tablet&quot;:&quot;&quot;,&quot;jet_parallax_layout_bg_x_mobile&quot;:&quot;&quot;,&quot;jet_parallax_layout_bg_y_tablet&quot;:&quot;&quot;,&quot;jet_parallax_layout_bg_y_mobile&quot;:&quot;&quot;,&quot;jet_parallax_layout_bg_size_tablet&quot;:&quot;&quot;,&quot;jet_parallax_layout_bg_size_mobile&quot;:&quot;&quot;}]}\">\n\t\t\t\t\t\t<div class=\"elementor-container elementor-column-gap-default\">\n\t\t\t\t\t\t\t<div class=\"elementor-row\">\n\t\t\t\t\t<div class=\"elementor-column elementor-col-33 elementor-top-column elementor-element elementor-element-4da60485\" data-id=\"4da60485\" data-element_type=\"column\">\n\t\t\t<div class=\"elementor-column-wrap elementor-element-populated\">\n\t\t\t\t\t\t\t<div class=\"elementor-widget-wrap\">\n\t\t\t\t\t\t<div class=\"elementor-element elementor-element-5c2c6a33 elementor-widget elementor-widget-image\" data-id=\"5c2c6a33\" data-element_type=\"widget\" data-widget_type=\"image.default\">\n\t\t\t\t<div class=\"elementor-widget-container\">\n\t\t\t\t\t\t\t\t<div class=\"elementor-image\">\n\t\t\t\t\t\t\t\t\t\t\t\t<img loading=\"lazy\" decoding=\"async\" width=\"611\" height=\"400\" src=\"https:\/\/develop.sencila-medle.si\/wp-content\/uploads\/2020\/08\/Sencila-Medle-certifikati-si-q-1.jpg\" class=\"attachment-large size-large wp-image-11832\" alt=\"\" srcset=\"https:\/\/develop.sencila-medle.si\/wp-content\/uploads\/2020\/08\/Sencila-Medle-certifikati-si-q-1.jpg 611w, https:\/\/develop.sencila-medle.si\/wp-content\/uploads\/2020\/08\/Sencila-Medle-certifikati-si-q-1-300x196.jpg 300w, https:\/\/develop.sencila-medle.si\/wp-content\/uploads\/2020\/08\/Sencila-Medle-certifikati-si-q-1-600x393.jpg 600w\" sizes=\"(max-width: 611px) 100vw, 611px\" \/>\t\t\t\t\t\t\t\t\t\t\t\t\t\t<\/div>\n\t\t\t\t\t\t<\/div>\n\t\t\t\t<\/div>\n\t\t\t\t<div class=\"elementor-element elementor-element-a0d0a17 elementor-widget elementor-widget-heading\" data-id=\"a0d0a17\" data-element_type=\"widget\" data-widget_type=\"heading.default\">\n\t\t\t\t<div class=\"elementor-widget-container\">\n\t\t\t<h5 class=\"elementor-heading-title elementor-size-default\">ISO 9001<\/h5>\t\t<\/div>\n\t\t\t\t<\/div>\n\t\t\t\t<div class=\"elementor-element elementor-element-ef08ed3 elementor-widget elementor-widget-jet-unfold\" data-id=\"ef08ed3\" data-element_type=\"widget\" data-settings=\"{&quot;mask_height&quot;:{&quot;unit&quot;:&quot;px&quot;,&quot;size&quot;:50,&quot;sizes&quot;:[]},&quot;mask_height_tablet&quot;:{&quot;unit&quot;:&quot;px&quot;,&quot;size&quot;:&quot;&quot;,&quot;sizes&quot;:[]},&quot;mask_height_mobile&quot;:{&quot;unit&quot;:&quot;px&quot;,&quot;size&quot;:&quot;&quot;,&quot;sizes&quot;:[]},&quot;unfold_duration&quot;:{&quot;unit&quot;:&quot;ms&quot;,&quot;size&quot;:500,&quot;sizes&quot;:[]},&quot;unfold_easing&quot;:&quot;easeOutBack&quot;,&quot;fold_duration&quot;:{&quot;unit&quot;:&quot;ms&quot;,&quot;size&quot;:300,&quot;sizes&quot;:[]},&quot;fold_easing&quot;:&quot;easeOutSine&quot;}\" data-widget_type=\"jet-unfold.default\">\n\t\t\t\t<div class=\"elementor-widget-container\">\n\t\t\t\t\t<div class=\"jet-unfold \" data-settings=\"{&quot;height&quot;:{&quot;unit&quot;:&quot;px&quot;,&quot;size&quot;:50,&quot;sizes&quot;:[]},&quot;separatorHeight&quot;:{&quot;unit&quot;:&quot;px&quot;,&quot;size&quot;:&quot;&quot;,&quot;sizes&quot;:[]},&quot;unfoldDuration&quot;:{&quot;unit&quot;:&quot;ms&quot;,&quot;size&quot;:500,&quot;sizes&quot;:[]},&quot;foldDuration&quot;:{&quot;unit&quot;:&quot;ms&quot;,&quot;size&quot;:300,&quot;sizes&quot;:[]},&quot;unfoldEasing&quot;:&quot;easeOutBack&quot;,&quot;foldEasing&quot;:&quot;easeOutSine&quot;,&quot;foldScrolling&quot;:&quot;false&quot;,&quot;hideOutsideClick&quot;:&quot;false&quot;,&quot;autoHide&quot;:&quot;false&quot;,&quot;autoHideTime&quot;:&quot;&quot;}\">\n\t\t\t<div class=\"jet-unfold__inner\">\n\t\t\t\t<div class=\"jet-unfold__mask\">\n\t\t\t\t\t<div class=\"jet-unfold__content\">\n\t\t\t\t\t\t<div class=\"jet-unfold__content-inner elementor-text-editor elementor-clearfix\"><p>Sustav upravljanja kvalitetom ISO 9001 je kako u svijetu, tako i u Sloveniji, ve\u0107 od njegovoga priznavanja poznat kao osnovni alat za upravljanje kvalitetom, a posebno za upravljanje cjelokupnim sustavom upravljanja i interakcije s poslovnim partnerima. Na\u0161a tradicija, marljivost i \u017eelja za rastom temelj su za kvalitetu i razvoj. Prihvatili smo \u010dinjenicu da je na\u0161a tvrtka sazrela i da se mo\u017ee nositi s itekako zahtjevnim vanjskim utjecajima i izazovima. Tomu je kumovala odluka o stjecanju certifikata za podru\u010dje sustava upravljanja kvalitetom. Stjecanjem certifikata postavili smo jo\u0161 \u010dvr\u0161\u0107i i mjerivi sustav za odre\u0111ivanje kvalitete i upravljanje koji nam omogu\u0107ava jo\u0161 u\u010dinkovitije postizanje svojih osnovnih ciljeva i postavljanje novih. Stremimo tomu da se na\u0161a rje\u0161enja temelje na modernim, u svijetu priznatim tehnologijama i trendovima, \u0161to nam omogu\u0107ava da svojim kupcima i poslovnim partnerima omogu\u0107avamo \u0161to ve\u0107e zadovoljstvo i dugogodi\u0161nje u\u017eivanje u odabranim proizvodima. Svjesni smo va\u017enosti kvalitete i zadovoljstva kupaca, stoga kvaliteta proizvoda nikada nije prepu\u0161tena slu\u010dajnosti, nego je rezultat bri\u017eljivog planiranja ulaznih komponenti, besprijekorne izrade, kontrole i utvr\u0111ivanja zadovoljstva kupaca. Zahtjeve standarda smisleno smo prilagodili zahtjevima svoje tvrtke Za vlasnike, rukovodstvo, zaposlenike i sve zainteresirane strane najva\u017eniji su krajnji ciljevi, dobri poslovni rezultati, a ne (samo) dobar, odli\u010dan, savr\u0161en sustav upravljanja kvalitetom. Svojim pogledom i inovativnim pristupom smo kao korisnik nadi\u0161li dilemu je li sustav upravljanja kvalitetom izvan ili unutar sustava upravljanja tvrtkom, u stvari, zapravo izme\u0111u njih stoji znak jednakosti.<\/p><p>Stjecanjem certifikata smo se jo\u0161 toliko vi\u0161e obvezali na neprestano pra\u0107enje i osiguravanje zadovoljstva svakoga kupca i poslovnog partnera.<\/p><\/div>\n\t\t\t\t\t<\/div>\n\t\t\t\t\t<div class=\"jet-unfold__separator\"><\/div>\n\t\t\t\t<\/div>\n\t\t\t\t<div class=\"jet-unfold__trigger\"><div class=\"jet-unfold__button elementor-button elementor-size-md\" href=\"#\" data-unfold-text=\"Pro\u010ditaj vi\u0161e\" data-fold-text=\"Sakrij\" data-fold-icon=\"&lt;i aria-hidden=&quot;true&quot; class=&quot;fas fa-chevron-up&quot;&gt;&lt;\/i&gt;\" data-unfold-icon=\"&lt;i aria-hidden=&quot;true&quot; class=&quot;fas fa-chevron-down&quot;&gt;&lt;\/i&gt;\" tabindex=\"0\" role=\"button\"><span class=\"jet-unfold__button-icon jet-tricks-icon\"><i aria-hidden=\"true\" class=\"fas fa-chevron-down\"><\/i><\/span><span class=\"jet-unfold__button-text\">Pro\u010ditaj vi\u0161e<\/span><\/div>\t\t\t\t<\/div>\n\t\t\t<\/div>\n\t\t<\/div>\n\t\t\t\t<\/div>\n\t\t\t\t<\/div>\n\t\t\t\t\t\t<\/div>\n\t\t\t\t\t<\/div>\n\t\t<\/div>\n\t\t\t\t<div class=\"elementor-column elementor-col-33 elementor-top-column elementor-element elementor-element-2950c54\" data-id=\"2950c54\" data-element_type=\"column\">\n\t\t\t<div class=\"elementor-column-wrap elementor-element-populated\">\n\t\t\t\t\t\t\t<div class=\"elementor-widget-wrap\">\n\t\t\t\t\t\t<div class=\"elementor-element elementor-element-3c82d92c elementor-widget elementor-widget-image\" data-id=\"3c82d92c\" data-element_type=\"widget\" data-widget_type=\"image.default\">\n\t\t\t\t<div class=\"elementor-widget-container\">\n\t\t\t\t\t\t\t\t<div class=\"elementor-image\">\n\t\t\t\t\t\t\t\t\t\t\t\t<img loading=\"lazy\" decoding=\"async\" width=\"611\" height=\"400\" src=\"https:\/\/develop.sencila-medle.si\/wp-content\/uploads\/2020\/08\/Sencila-Medle-certifikati-excellent-sme-1.jpg\" class=\"attachment-large size-large wp-image-11836\" alt=\"\" srcset=\"https:\/\/develop.sencila-medle.si\/wp-content\/uploads\/2020\/08\/Sencila-Medle-certifikati-excellent-sme-1.jpg 611w, https:\/\/develop.sencila-medle.si\/wp-content\/uploads\/2020\/08\/Sencila-Medle-certifikati-excellent-sme-1-300x196.jpg 300w, https:\/\/develop.sencila-medle.si\/wp-content\/uploads\/2020\/08\/Sencila-Medle-certifikati-excellent-sme-1-600x393.jpg 600w\" sizes=\"(max-width: 611px) 100vw, 611px\" \/>\t\t\t\t\t\t\t\t\t\t\t\t\t\t<\/div>\n\t\t\t\t\t\t<\/div>\n\t\t\t\t<\/div>\n\t\t\t\t<div class=\"elementor-element elementor-element-4e1af57c elementor-widget elementor-widget-heading\" data-id=\"4e1af57c\" data-element_type=\"widget\" data-widget_type=\"heading.default\">\n\t\t\t\t<div class=\"elementor-widget-container\">\n\t\t\t<h5 class=\"elementor-heading-title elementor-size-default\">Excellent SME Slovenia<\/h5>\t\t<\/div>\n\t\t\t\t<\/div>\n\t\t\t\t<div class=\"elementor-element elementor-element-22c29765 elementor-widget elementor-widget-jet-unfold\" data-id=\"22c29765\" data-element_type=\"widget\" data-settings=\"{&quot;mask_height&quot;:{&quot;unit&quot;:&quot;px&quot;,&quot;size&quot;:50,&quot;sizes&quot;:[]},&quot;mask_height_tablet&quot;:{&quot;unit&quot;:&quot;px&quot;,&quot;size&quot;:&quot;&quot;,&quot;sizes&quot;:[]},&quot;mask_height_mobile&quot;:{&quot;unit&quot;:&quot;px&quot;,&quot;size&quot;:&quot;&quot;,&quot;sizes&quot;:[]},&quot;unfold_duration&quot;:{&quot;unit&quot;:&quot;ms&quot;,&quot;size&quot;:500,&quot;sizes&quot;:[]},&quot;unfold_easing&quot;:&quot;easeOutBack&quot;,&quot;fold_duration&quot;:{&quot;unit&quot;:&quot;ms&quot;,&quot;size&quot;:300,&quot;sizes&quot;:[]},&quot;fold_easing&quot;:&quot;easeOutSine&quot;}\" data-widget_type=\"jet-unfold.default\">\n\t\t\t\t<div class=\"elementor-widget-container\">\n\t\t\t\t\t<div class=\"jet-unfold \" data-settings=\"{&quot;height&quot;:{&quot;unit&quot;:&quot;px&quot;,&quot;size&quot;:50,&quot;sizes&quot;:[]},&quot;separatorHeight&quot;:{&quot;unit&quot;:&quot;px&quot;,&quot;size&quot;:&quot;&quot;,&quot;sizes&quot;:[]},&quot;unfoldDuration&quot;:{&quot;unit&quot;:&quot;ms&quot;,&quot;size&quot;:500,&quot;sizes&quot;:[]},&quot;foldDuration&quot;:{&quot;unit&quot;:&quot;ms&quot;,&quot;size&quot;:300,&quot;sizes&quot;:[]},&quot;unfoldEasing&quot;:&quot;easeOutBack&quot;,&quot;foldEasing&quot;:&quot;easeOutSine&quot;,&quot;foldScrolling&quot;:&quot;false&quot;,&quot;hideOutsideClick&quot;:&quot;false&quot;,&quot;autoHide&quot;:&quot;false&quot;,&quot;autoHideTime&quot;:&quot;&quot;}\">\n\t\t\t<div class=\"jet-unfold__inner\">\n\t\t\t\t<div class=\"jet-unfold__mask\">\n\t\t\t\t\t<div class=\"jet-unfold__content\">\n\t\t\t\t\t\t<div class=\"jet-unfold__content-inner elementor-text-editor elementor-clearfix\"><p>Certifikat &#8220;Excellent SME Slovenia&#8221; dodjeljuje Gopodarska komora Slovenije odabranim tvrtkama, po kriterijima me\u0111unarodne bonitetne ku\u0107e Coface. Ponosni nositelj navedenog certifikata je i na\u0161a tvrtka, jer smo udovoljili zahtijevanim kriterijima kao \u0161to su godi\u0161nji promet, dobra bonitetna ocjena te bonitetni izvje\u0161taj.<\/p><p>Bonitetna ocjena je rezultat financijske analize poslovanja dru\u0161tva, a bonitetni izvje\u0161taj sadr\u017ei i ocjenu platnog morala i rizika poslovanja s tvrtkom s prikazom mogu\u0107e insolventnosti u razdoblju sljede\u0107ih 12 mjeseci. Stalno pra\u0107enje poslovanja tvrtke na kojem se temelji valjanost certifikata, osigurava njezin primjereni kredibilitet kako u doma\u0107em, tako i u me\u0111unarodnom okru\u017eenju. Certifikat omogu\u0107ava ve\u0107u prepoznatljivost i istovremeno poti\u010de korektan poslovni bonton, a ujedno je i jako vjerodostojno priznanje za protekli rad i alat za daljnji razvoj tvrtke.<\/p><\/div>\n\t\t\t\t\t<\/div>\n\t\t\t\t\t<div class=\"jet-unfold__separator\"><\/div>\n\t\t\t\t<\/div>\n\t\t\t\t<div class=\"jet-unfold__trigger\"><div class=\"jet-unfold__button elementor-button elementor-size-md\" href=\"#\" data-unfold-text=\"Pro\u010ditaj vi\u0161e\" data-fold-text=\"Sakrij\" data-fold-icon=\"&lt;i aria-hidden=&quot;true&quot; class=&quot;fas fa-chevron-up&quot;&gt;&lt;\/i&gt;\" data-unfold-icon=\"&lt;i aria-hidden=&quot;true&quot; class=&quot;fas fa-chevron-down&quot;&gt;&lt;\/i&gt;\" tabindex=\"0\" role=\"button\"><span class=\"jet-unfold__button-icon jet-tricks-icon\"><i aria-hidden=\"true\" class=\"fas fa-chevron-down\"><\/i><\/span><span class=\"jet-unfold__button-text\">Pro\u010ditaj vi\u0161e<\/span><\/div>\t\t\t\t<\/div>\n\t\t\t<\/div>\n\t\t<\/div>\n\t\t\t\t<\/div>\n\t\t\t\t<\/div>\n\t\t\t\t\t\t<\/div>\n\t\t\t\t\t<\/div>\n\t\t<\/div>\n\t\t\t\t<div class=\"elementor-column elementor-col-33 elementor-top-column elementor-element elementor-element-30f907e0\" data-id=\"30f907e0\" data-element_type=\"column\">\n\t\t\t<div class=\"elementor-column-wrap elementor-element-populated\">\n\t\t\t\t\t\t\t<div class=\"elementor-widget-wrap\">\n\t\t\t\t\t\t<div class=\"elementor-element elementor-element-54cf91e3 elementor-widget elementor-widget-image\" data-id=\"54cf91e3\" data-element_type=\"widget\" data-widget_type=\"image.default\">\n\t\t\t\t<div class=\"elementor-widget-container\">\n\t\t\t\t\t\t\t\t<div class=\"elementor-image\">\n\t\t\t\t\t\t\t\t\t\t\t\t<img loading=\"lazy\" decoding=\"async\" width=\"611\" height=\"400\" src=\"https:\/\/develop.sencila-medle.si\/wp-content\/uploads\/2019\/12\/aaa2020-certifikat.jpg\" class=\"attachment-large size-large wp-image-13912\" alt=\"\" srcset=\"https:\/\/develop.sencila-medle.si\/wp-content\/uploads\/2019\/12\/aaa2020-certifikat.jpg 611w, https:\/\/develop.sencila-medle.si\/wp-content\/uploads\/2019\/12\/aaa2020-certifikat-300x196.jpg 300w, https:\/\/develop.sencila-medle.si\/wp-content\/uploads\/2019\/12\/aaa2020-certifikat-600x393.jpg 600w\" sizes=\"(max-width: 611px) 100vw, 611px\" \/>\t\t\t\t\t\t\t\t\t\t\t\t\t\t<\/div>\n\t\t\t\t\t\t<\/div>\n\t\t\t\t<\/div>\n\t\t\t\t<div class=\"elementor-element elementor-element-4f72c392 elementor-widget elementor-widget-heading\" data-id=\"4f72c392\" data-element_type=\"widget\" data-widget_type=\"heading.default\">\n\t\t\t\t<div class=\"elementor-widget-container\">\n\t\t\t<h5 class=\"elementor-heading-title elementor-size-default\">Bonitetna izvrsnost<\/h5>\t\t<\/div>\n\t\t\t\t<\/div>\n\t\t\t\t<div class=\"elementor-element elementor-element-6d6cafb8 elementor-widget elementor-widget-jet-unfold\" data-id=\"6d6cafb8\" data-element_type=\"widget\" data-settings=\"{&quot;mask_height&quot;:{&quot;unit&quot;:&quot;px&quot;,&quot;size&quot;:50,&quot;sizes&quot;:[]},&quot;mask_height_tablet&quot;:{&quot;unit&quot;:&quot;px&quot;,&quot;size&quot;:&quot;&quot;,&quot;sizes&quot;:[]},&quot;mask_height_mobile&quot;:{&quot;unit&quot;:&quot;px&quot;,&quot;size&quot;:&quot;&quot;,&quot;sizes&quot;:[]},&quot;unfold_duration&quot;:{&quot;unit&quot;:&quot;ms&quot;,&quot;size&quot;:500,&quot;sizes&quot;:[]},&quot;unfold_easing&quot;:&quot;easeOutBack&quot;,&quot;fold_duration&quot;:{&quot;unit&quot;:&quot;ms&quot;,&quot;size&quot;:300,&quot;sizes&quot;:[]},&quot;fold_easing&quot;:&quot;easeOutSine&quot;}\" data-widget_type=\"jet-unfold.default\">\n\t\t\t\t<div class=\"elementor-widget-container\">\n\t\t\t\t\t<div class=\"jet-unfold \" data-settings=\"{&quot;height&quot;:{&quot;unit&quot;:&quot;px&quot;,&quot;size&quot;:50,&quot;sizes&quot;:[]},&quot;separatorHeight&quot;:{&quot;unit&quot;:&quot;px&quot;,&quot;size&quot;:&quot;&quot;,&quot;sizes&quot;:[]},&quot;unfoldDuration&quot;:{&quot;unit&quot;:&quot;ms&quot;,&quot;size&quot;:500,&quot;sizes&quot;:[]},&quot;foldDuration&quot;:{&quot;unit&quot;:&quot;ms&quot;,&quot;size&quot;:300,&quot;sizes&quot;:[]},&quot;unfoldEasing&quot;:&quot;easeOutBack&quot;,&quot;foldEasing&quot;:&quot;easeOutSine&quot;,&quot;foldScrolling&quot;:&quot;false&quot;,&quot;hideOutsideClick&quot;:&quot;false&quot;,&quot;autoHide&quot;:&quot;false&quot;,&quot;autoHideTime&quot;:&quot;&quot;}\">\n\t\t\t<div class=\"jet-unfold__inner\">\n\t\t\t\t<div class=\"jet-unfold__mask\">\n\t\t\t\t\t<div class=\"jet-unfold__content\">\n\t\t\t\t\t\t<div class=\"jet-unfold__content-inner elementor-text-editor elementor-clearfix\"><p>Svrstavamo se me\u0111u 1,98 % najboljih pravnih subjekata u Sloveniji koji se di\u010di bonitetnom izvrsno\u0161\u0107u AAA \u2013 najvi\u0161i razred bonitetne izvrsnosti u Sloveniji.<\/p><p>Bonitetna ocjena izvrsnosti predstavlja iznadprosje\u010dnu bonitetnu vrijednost gospodarskih subjekata. Temelji se na financijskim izvje\u0161tajima subjekata za posljednju poslovnu godinu i prognozira sigurnost poslovanja u sljede\u0107ih dvanaest mjeseci. Tvrtke s bonitetnom izvrsno\u0161\u0107u posluju odli\u010dno i ispunjavaju kriterije za postizanje manje vjerojatnosti da im se u sljede\u0107ih dvanaest mjeseci dogodi ne\u0161to do sljede\u0107eg:<\/p><p>ste\u010daj, prisilna naplata ili likvidacija,<br \/>brisanje subjekta iz poslovnog registra,<br \/>blokada transakcijskih ra\u010duna subjekta vi\u0161e od 60 dana neprekidno, odnosno vi\u0161e od 90 dana neprekidno.<\/p><p>Certifikat bonitetne izvrsnosti dodjeljuje grupa Bisnode d.o.o. Certifikat se osvje\u017eava svake godine, jer s novim podacima izra\u010dunavamo koje su tvrtke najbolje. Tvrtke na taj na\u010din mogu pokazati koliko su izvrsno poslovale u odre\u0111enom razdoblju i kako su oplemenile svoje poslovanje. Certifikat jam\u010di njezin primjereni kredibilitet kako u doma\u0107em, tako i u me\u0111unarodnom okru\u017eenju. Certifikat omogu\u0107ava ve\u0107u prepoznatljivost i istovremeno poti\u010de korektan poslovni bonton, a ujedno je i jako vjerodostojno priznanje za protekli rad i alat za daljnji razvoj tvrtke.<\/p><\/div>\n\t\t\t\t\t<\/div>\n\t\t\t\t\t<div class=\"jet-unfold__separator\"><\/div>\n\t\t\t\t<\/div>\n\t\t\t\t<div class=\"jet-unfold__trigger\"><div class=\"jet-unfold__button elementor-button elementor-size-md\" href=\"#\" data-unfold-text=\"Pro\u010ditaj vi\u0161e\" data-fold-text=\"Sakrij\" data-fold-icon=\"&lt;i aria-hidden=&quot;true&quot; class=&quot;fas fa-chevron-up&quot;&gt;&lt;\/i&gt;\" data-unfold-icon=\"&lt;i aria-hidden=&quot;true&quot; class=&quot;fas fa-chevron-down&quot;&gt;&lt;\/i&gt;\" tabindex=\"0\" role=\"button\"><span class=\"jet-unfold__button-icon jet-tricks-icon\"><i aria-hidden=\"true\" class=\"fas fa-chevron-down\"><\/i><\/span><span class=\"jet-unfold__button-text\">Pro\u010ditaj vi\u0161e<\/span><\/div>\t\t\t\t<\/div>\n\t\t\t<\/div>\n\t\t<\/div>\n\t\t\t\t<\/div>\n\t\t\t\t<\/div>\n\t\t\t\t\t\t<\/div>\n\t\t\t\t\t<\/div>\n\t\t<\/div>\n\t\t\t\t\t\t\t\t<\/div>\n\t\t\t\t\t<\/div>\n\t\t<\/section>\n\t\t\t\t\t\t\t\t\t<\/div>\n\t\t\t<\/div>\n\t\t\t\t\t<\/div>\n\t\t","protected":false},"excerpt":{"rendered":"<p>CERTIFIKATI ISO 9001 Sustav upravljanja kvalitetom ISO 9001 je kako u svijetu, tako i u Sloveniji, ve\u0107 od njegovoga priznavanja poznat kao osnovni alat za upravljanje kvalitetom, a posebno za upravljanje cjelokupnim sustavom upravljanja i interakcije s poslovnim partnerima. Na\u0161a tradicija, marljivost i \u017eelja za rastom temelj su za kvalitetu i razvoj. Prihvatili smo \u010dinjenicu [&hellip;]<\/p>\n","protected":false},"author":1,"featured_media":0,"parent":0,"menu_order":0,"comment_status":"closed","ping_status":"closed","template":"elementor_header_footer","meta":{"footnotes":""},"_links":{"self":[{"href":"https:\/\/develop.sencila-medle.si\/hr\/wp-json\/wp\/v2\/pages\/11773"}],"collection":[{"href":"https:\/\/develop.sencila-medle.si\/hr\/wp-json\/wp\/v2\/pages"}],"about":[{"href":"https:\/\/develop.sencila-medle.si\/hr\/wp-json\/wp\/v2\/types\/page"}],"author":[{"embeddable":true,"href":"https:\/\/develop.sencila-medle.si\/hr\/wp-json\/wp\/v2\/users\/1"}],"replies":[{"embeddable":true,"href":"https:\/\/develop.sencila-medle.si\/hr\/wp-json\/wp\/v2\/comments?post=11773"}],"version-history":[{"count":0,"href":"https:\/\/develop.sencila-medle.si\/hr\/wp-json\/wp\/v2\/pages\/11773\/revisions"}],"wp:attachment":[{"href":"https:\/\/develop.sencila-medle.si\/hr\/wp-json\/wp\/v2\/media?parent=11773"}],"curies":[{"name":"wp","href":"https:\/\/api.w.org\/{rel}","templated":true}]}}